{"id":281,"date":"2016-07-15T11:32:20","date_gmt":"2016-07-15T10:32:20","guid":{"rendered":"http:\/\/www.reno-cardan.ch\/?page_id=281&#038;lang=de"},"modified":"2026-02-03T17:05:36","modified_gmt":"2026-02-03T16:05:36","slug":"produits","status":"publish","type":"page","link":"http:\/\/www.reno-cardan.ch\/de\/produits\/","title":{"rendered":"Produits"},"content":{"rendered":"<div id='full_slider_1'  class='avia-fullwidth-slider main_color avia-shadow   avia-builder-el-0  el_before_av_one_full  avia-builder-el-first   container_wrap fullsize'  ><div  class='avia-slideshow av-av_slideshow_full-4f3ef5c0d0c5e5a45e27d5f99336c2be avia-slideshow-featured av_slideshow_full avia-slide-slider av-slideshow-ui av-control-default av-slideshow-manual av-loop-once av-loop-manual-endless av-default-height-applied   avia-slideshow-1' data-slideshow-options=\"{&quot;animation&quot;:&quot;slide&quot;,&quot;autoplay&quot;:false,&quot;loop_autoplay&quot;:&quot;once&quot;,&quot;interval&quot;:5,&quot;loop_manual&quot;:&quot;manual-endless&quot;,&quot;autoplay_stopper&quot;:false,&quot;noNavigation&quot;:false,&quot;bg_slider&quot;:false,&quot;keep_padding&quot;:false,&quot;hoverpause&quot;:false,&quot;show_slide_delay&quot;:0}\"  itemprop=\"image\" itemscope=\"itemscope\" itemtype=\"https:\/\/schema.org\/ImageObject\" ><ul class='avia-slideshow-inner ' style='padding-bottom: 28.666666666667%;'><li  class='avia-slideshow-slide av-av_slideshow_full-4f3ef5c0d0c5e5a45e27d5f99336c2be__0  av-single-slide slide-1 slide-odd'><div data-rel='slideshow-1' class='avia-slide-wrap '   ><div class='av-slideshow-caption av-av_slideshow_full-4f3ef5c0d0c5e5a45e27d5f99336c2be__0 caption_fullwidth caption_left caption_left_framed caption_framed'><div class=\"container caption_container\"><div class=\"slideshow_caption\"><div class=\"slideshow_inner_caption\"><div class=\"slideshow_align_caption\"><h2 class='avia-caption-title '  itemprop=\"name\" >Une soci\u00e9t\u00e9 vaudoise<\/h2><div class='avia-caption-content '  itemprop=\"description\" ><p>Avec pr\u00e9cision suisse<\/p>\n<\/div><\/div><\/div><\/div><\/div><\/div><img decoding=\"async\" fetchpriority=\"high\" class=\"wp-image-55 avia-img-lazy-loading-not-55\"  src=\"http:\/\/www.reno-cardan.ch\/wp\/wp-content\/uploads\/2016\/02\/laser-cutting-right-1-e1454670691837-1500x430.jpg\" width=\"1500\" height=\"430\" title='laser-cutting-right' alt=''  itemprop=\"thumbnailUrl\"   \/><\/div><\/li><\/ul><\/div><\/div><div id='after_full_slider_1'  class='main_color av_default_container_wrap container_wrap fullsize'  ><div class='container av-section-cont-open' ><div class='template-page content  av-content-full alpha units'><div class='post-entry post-entry-type-page post-entry-281'><div class='entry-content-wrapper clearfix'>\n\n<style type=\"text\/css\" data-created_by=\"avia_inline_auto\" id=\"style-css-av-av_one_full-9497bbf8bff73ea4c6992cc17fa9ec36\">\n.flex_column.av-av_one_full-9497bbf8bff73ea4c6992cc17fa9ec36{\nborder-radius:0px 0px 0px 0px;\npadding:0px 0px 0px 0px;\n}\n<\/style>\n<div  class='flex_column av-av_one_full-9497bbf8bff73ea4c6992cc17fa9ec36 av_one_full  avia-builder-el-1  el_after_av_slideshow_full  avia-builder-el-no-sibling  first flex_column_div av-zero-column-padding  '     ><div id='av-masonry-1' class='av-masonry av-av_masonry_entries-c787707e0dfd43d99df7a9bcdc37f5ed noHover av-fixed-size av-1px-gap av-hover-overlay-active av-masonry-animation-active av-masonry-col-3 av-caption-always av-caption-style- av-masonry-entries ' data-post_id=\"281\"><div class=\"av-masonry-container isotope av-js-disabled\"><div class='av-masonry-entry isotope-item av-masonry-item-no-image all_sort'><\/div><a href=\"http:\/\/www.reno-cardan.ch\/de\/cookie-richtlinie-eu\/\"  id='av-masonry-1-item-2523' data-av-masonry-item='2523' class='av-masonry-entry isotope-item post-2523 page type-page status-publish hentry all_sort av-masonry-item-no-image' title=\"Cookie-Richtlinie (EU)\"   itemscope=\"itemscope\" itemtype=\"https:\/\/schema.org\/CreativeWork\" ><div class='av-inner-masonry-sizer'><\/div><figure class='av-inner-masonry main_color'><figcaption class='av-inner-masonry-content site-background'><div class='av-inner-masonry-content-pos'><div class='av-inner-masonry-content-pos-content'><div class='avia-arrow'><\/div><h3 class='av-masonry-entry-title entry-title '  itemprop=\"headline\" >Cookie-Richtlinie (EU)<\/h3><\/div><\/div><\/figcaption><\/figure><\/a><!--end av-masonry entry--><a href=\"http:\/\/www.reno-cardan.ch\/de\/295\/\"  id='av-masonry-1-item-295' data-av-masonry-item='295' class='av-masonry-entry isotope-item post-295 nav_menu_item type-nav_menu_item status-publish hentry all_sort av-masonry-item-no-image' title=\"\"   itemscope=\"itemscope\" itemtype=\"https:\/\/schema.org\/CreativeWork\" ><div class='av-inner-masonry-sizer'><\/div><figure class='av-inner-masonry main_color'><figcaption class='av-inner-masonry-content site-background'><div class='av-inner-masonry-content-pos'><div class='av-inner-masonry-content-pos-content'><div class='avia-arrow'><\/div><h3 class='av-masonry-entry-title entry-title '  itemprop=\"headline\" ><\/h3><\/div><\/div><\/figcaption><\/figure><\/a><!--end av-masonry entry--><a href=\"http:\/\/www.reno-cardan.ch\/de\/2475\/\"  id='av-masonry-1-item-2475' data-av-masonry-item='2475' class='av-masonry-entry isotope-item post-2475 nav_menu_item type-nav_menu_item status-publish hentry all_sort av-masonry-item-no-image' title=\"\"   itemscope=\"itemscope\" itemtype=\"https:\/\/schema.org\/CreativeWork\" ><div class='av-inner-masonry-sizer'><\/div><figure class='av-inner-masonry main_color'><figcaption class='av-inner-masonry-content site-background'><div class='av-inner-masonry-content-pos'><div class='av-inner-masonry-content-pos-content'><div class='avia-arrow'><\/div><h3 class='av-masonry-entry-title entry-title '  itemprop=\"headline\" ><\/h3><\/div><\/div><\/figcaption><\/figure><\/a><!--end av-masonry entry--><a href=\"http:\/\/www.reno-cardan.ch\/de\/297\/\"  id='av-masonry-1-item-297' data-av-masonry-item='297' class='av-masonry-entry isotope-item post-297 nav_menu_item type-nav_menu_item status-publish hentry all_sort av-masonry-item-no-image' title=\"\"   itemscope=\"itemscope\" itemtype=\"https:\/\/schema.org\/CreativeWork\" ><div class='av-inner-masonry-sizer'><\/div><figure class='av-inner-masonry main_color'><figcaption class='av-inner-masonry-content site-background'><div class='av-inner-masonry-content-pos'><div class='av-inner-masonry-content-pos-content'><div class='avia-arrow'><\/div><h3 class='av-masonry-entry-title entry-title '  itemprop=\"headline\" ><\/h3><\/div><\/div><\/figcaption><\/figure><\/a><!--end av-masonry entry--><a href=\"http:\/\/www.reno-cardan.ch\/de\/296\/\"  id='av-masonry-1-item-296' data-av-masonry-item='296' class='av-masonry-entry isotope-item post-296 nav_menu_item type-nav_menu_item status-publish hentry all_sort av-masonry-item-no-image' title=\"\"   itemscope=\"itemscope\" itemtype=\"https:\/\/schema.org\/CreativeWork\" ><div class='av-inner-masonry-sizer'><\/div><figure class='av-inner-masonry main_color'><figcaption class='av-inner-masonry-content site-background'><div class='av-inner-masonry-content-pos'><div class='av-inner-masonry-content-pos-content'><div class='avia-arrow'><\/div><h3 class='av-masonry-entry-title entry-title '  itemprop=\"headline\" ><\/h3><\/div><\/div><\/figcaption><\/figure><\/a><!--end av-masonry entry--><a href=\"http:\/\/www.reno-cardan.ch\/de\/294\/\"  id='av-masonry-1-item-294' data-av-masonry-item='294' class='av-masonry-entry isotope-item post-294 nav_menu_item type-nav_menu_item status-publish hentry all_sort av-masonry-item-no-image' title=\"\"   itemscope=\"itemscope\" itemtype=\"https:\/\/schema.org\/CreativeWork\" ><div class='av-inner-masonry-sizer'><\/div><figure class='av-inner-masonry main_color'><figcaption class='av-inner-masonry-content site-background'><div class='av-inner-masonry-content-pos'><div class='av-inner-masonry-content-pos-content'><div class='avia-arrow'><\/div><h3 class='av-masonry-entry-title entry-title '  itemprop=\"headline\" ><\/h3><\/div><\/div><\/figcaption><\/figure><\/a><!--end av-masonry entry--><a href=\"http:\/\/www.reno-cardan.ch\/de\/292\/\"  id='av-masonry-1-item-292' data-av-masonry-item='292' class='av-masonry-entry isotope-item post-292 nav_menu_item type-nav_menu_item status-publish hentry all_sort av-masonry-item-no-image' title=\"\"   itemscope=\"itemscope\" itemtype=\"https:\/\/schema.org\/CreativeWork\" ><div class='av-inner-masonry-sizer'><\/div><figure class='av-inner-masonry main_color'><figcaption class='av-inner-masonry-content site-background'><div class='av-inner-masonry-content-pos'><div class='av-inner-masonry-content-pos-content'><div class='avia-arrow'><\/div><h3 class='av-masonry-entry-title entry-title '  itemprop=\"headline\" ><\/h3><\/div><\/div><\/figcaption><\/figure><\/a><!--end av-masonry entry--><a href=\"http:\/\/www.reno-cardan.ch\/de\/293\/\"  id='av-masonry-1-item-293' data-av-masonry-item='293' class='av-masonry-entry isotope-item post-293 nav_menu_item type-nav_menu_item status-publish hentry all_sort av-masonry-item-no-image' title=\"\"   itemscope=\"itemscope\" itemtype=\"https:\/\/schema.org\/CreativeWork\" ><div class='av-inner-masonry-sizer'><\/div><figure class='av-inner-masonry main_color'><figcaption class='av-inner-masonry-content site-background'><div class='av-inner-masonry-content-pos'><div class='av-inner-masonry-content-pos-content'><div class='avia-arrow'><\/div><h3 class='av-masonry-entry-title entry-title '  itemprop=\"headline\" ><\/h3><\/div><\/div><\/figcaption><\/figure><\/a><!--end av-masonry entry--><a href=\"http:\/\/www.reno-cardan.ch\/de\/112\/\"  id='av-masonry-1-item-112' data-av-masonry-item='112' class='av-masonry-entry isotope-item post-112 nav_menu_item type-nav_menu_item status-publish hentry all_sort av-masonry-item-no-image' title=\"\"   itemscope=\"itemscope\" itemtype=\"https:\/\/schema.org\/CreativeWork\" ><div class='av-inner-masonry-sizer'><\/div><figure class='av-inner-masonry main_color'><figcaption class='av-inner-masonry-content site-background'><div class='av-inner-masonry-content-pos'><div class='av-inner-masonry-content-pos-content'><div class='avia-arrow'><\/div><h3 class='av-masonry-entry-title entry-title '  itemprop=\"headline\" ><\/h3><\/div><\/div><\/figcaption><\/figure><\/a><!--end av-masonry entry--><a href=\"http:\/\/www.reno-cardan.ch\/de\/2474\/\"  id='av-masonry-1-item-2474' data-av-masonry-item='2474' class='av-masonry-entry isotope-item post-2474 nav_menu_item type-nav_menu_item status-publish hentry all_sort av-masonry-item-no-image' title=\"\"   itemscope=\"itemscope\" itemtype=\"https:\/\/schema.org\/CreativeWork\" ><div class='av-inner-masonry-sizer'><\/div><figure class='av-inner-masonry main_color'><figcaption class='av-inner-masonry-content site-background'><div class='av-inner-masonry-content-pos'><div class='av-inner-masonry-content-pos-content'><div class='avia-arrow'><\/div><h3 class='av-masonry-entry-title entry-title '  itemprop=\"headline\" ><\/h3><\/div><\/div><\/figcaption><\/figure><\/a><!--end av-masonry entry--><a href=\"http:\/\/www.reno-cardan.ch\/de\/114\/\"  id='av-masonry-1-item-114' data-av-masonry-item='114' class='av-masonry-entry isotope-item post-114 nav_menu_item type-nav_menu_item status-publish hentry all_sort av-masonry-item-no-image' title=\"\"   itemscope=\"itemscope\" itemtype=\"https:\/\/schema.org\/CreativeWork\" ><div class='av-inner-masonry-sizer'><\/div><figure class='av-inner-masonry main_color'><figcaption class='av-inner-masonry-content site-background'><div class='av-inner-masonry-content-pos'><div class='av-inner-masonry-content-pos-content'><div class='avia-arrow'><\/div><h3 class='av-masonry-entry-title entry-title '  itemprop=\"headline\" ><\/h3><\/div><\/div><\/figcaption><\/figure><\/a><!--end av-masonry entry--><a href=\"http:\/\/www.reno-cardan.ch\/de\/115\/\"  id='av-masonry-1-item-115' data-av-masonry-item='115' class='av-masonry-entry isotope-item post-115 nav_menu_item type-nav_menu_item status-publish hentry all_sort av-masonry-item-no-image' title=\"\"   itemscope=\"itemscope\" itemtype=\"https:\/\/schema.org\/CreativeWork\" ><div class='av-inner-masonry-sizer'><\/div><figure class='av-inner-masonry main_color'><figcaption class='av-inner-masonry-content site-background'><div class='av-inner-masonry-content-pos'><div class='av-inner-masonry-content-pos-content'><div class='avia-arrow'><\/div><h3 class='av-masonry-entry-title entry-title '  itemprop=\"headline\" ><\/h3><\/div><\/div><\/figcaption><\/figure><\/a><!--end av-masonry entry--><\/div><div class='av-masonry-pagination av-masonry-pagination-pagination'><nav class='pagination'><span class='pagination-meta'>Seite 1 von 3<\/span><span class='current'>1<\/span><a href='http:\/\/www.reno-cardan.ch\/de\/wp-json\/wp\/v2\/pages\/281\/?avia-element-paging=2' class='inactive next_page' >2<\/a><a href='http:\/\/www.reno-cardan.ch\/de\/wp-json\/wp\/v2\/pages\/281\/?avia-element-paging=3' class='inactive' >3<\/a><\/nav>\n<\/div><\/div><\/div>\n","protected":false},"excerpt":{"rendered":"","protected":false},"author":1,"featured_media":0,"parent":0,"menu_order":0,"comment_status":"closed","ping_status":"closed","template":"","meta":{"footnotes":""},"class_list":["post-281","page","type-page","status-publish","hentry"],"yoast_head":"<!-- This site is optimized with the Yoast SEO plugin v26.9 - https:\/\/yoast.com\/product\/yoast-seo-wordpress\/ -->\n<title>Produits - Reno-Cardan S\u00e0rl<\/title>\n<meta name=\"description\" content=\"Reno-Cardan Produkte: Schweizer Pr\u00e4zision aus Vaud. Antriebswellen, Gelenke, Zubeh\u00f6r \u2013 Auswahl, Beratung und schnelle Verf\u00fcgbarkeit.\" \/>\n<meta name=\"robots\" content=\"index, follow, max-snippet:-1, max-image-preview:large, max-video-preview:-1\" \/>\n<link rel=\"canonical\" href=\"http:\/\/www.reno-cardan.ch\/de\/produits\/\" \/>\n<meta property=\"og:locale\" content=\"de_DE\" \/>\n<meta property=\"og:type\" content=\"article\" \/>\n<meta property=\"og:title\" content=\"Produits - Reno-Cardan S\u00e0rl\" \/>\n<meta property=\"og:description\" content=\"Reno-Cardan Produkte: Schweizer Pr\u00e4zision aus Vaud. Antriebswellen, Gelenke, Zubeh\u00f6r \u2013 Auswahl, Beratung und schnelle Verf\u00fcgbarkeit.\" \/>\n<meta property=\"og:url\" content=\"http:\/\/www.reno-cardan.ch\/de\/produits\/\" \/>\n<meta property=\"og:site_name\" content=\"Reno-Cardan S\u00e0rl\" \/>\n<meta property=\"article:modified_time\" content=\"2026-02-03T16:05:36+00:00\" \/>\n<meta name=\"twitter:card\" content=\"summary_large_image\" \/>\n<meta name=\"twitter:label1\" content=\"Gesch\u00e4tzte Lesezeit\" \/>\n\t<meta name=\"twitter:data1\" content=\"1 minute\" \/>\n<script type=\"application\/ld+json\" class=\"yoast-schema-graph\">{\"@context\":\"https:\/\/schema.org\",\"@graph\":[{\"@type\":\"WebPage\",\"@id\":\"http:\/\/www.reno-cardan.ch\/de\/produits\/\",\"url\":\"http:\/\/www.reno-cardan.ch\/de\/produits\/\",\"name\":\"Produits - Reno-Cardan S\u00e0rl\",\"isPartOf\":{\"@id\":\"http:\/\/equilibrage-industriel.ch\/#website\"},\"datePublished\":\"2016-07-15T10:32:20+00:00\",\"dateModified\":\"2026-02-03T16:05:36+00:00\",\"description\":\"Reno-Cardan Produkte: Schweizer Pr\u00e4zision aus Vaud. Antriebswellen, Gelenke, Zubeh\u00f6r \u2013 Auswahl, Beratung und schnelle Verf\u00fcgbarkeit.\",\"breadcrumb\":{\"@id\":\"http:\/\/www.reno-cardan.ch\/de\/produits\/#breadcrumb\"},\"inLanguage\":\"de-DE\",\"potentialAction\":[{\"@type\":\"ReadAction\",\"target\":[\"http:\/\/www.reno-cardan.ch\/de\/produits\/\"]}]},{\"@type\":\"BreadcrumbList\",\"@id\":\"http:\/\/www.reno-cardan.ch\/de\/produits\/#breadcrumb\",\"itemListElement\":[{\"@type\":\"ListItem\",\"position\":1,\"name\":\"Accueil\",\"item\":\"https:\/\/reno-cardan.ch\/de\/\"},{\"@type\":\"ListItem\",\"position\":2,\"name\":\"Produits\"}]},{\"@type\":\"WebSite\",\"@id\":\"http:\/\/equilibrage-industriel.ch\/#website\",\"url\":\"http:\/\/equilibrage-industriel.ch\/\",\"name\":\"Reno-Cardan S\u00e0rl\",\"description\":\"\",\"potentialAction\":[{\"@type\":\"SearchAction\",\"target\":{\"@type\":\"EntryPoint\",\"urlTemplate\":\"http:\/\/equilibrage-industriel.ch\/?s={search_term_string}\"},\"query-input\":{\"@type\":\"PropertyValueSpecification\",\"valueRequired\":true,\"valueName\":\"search_term_string\"}}],\"inLanguage\":\"de-DE\"}]}<\/script>\n<!-- \/ Yoast SEO plugin. -->","yoast_head_json":{"title":"Produits - Reno-Cardan S\u00e0rl","description":"Reno-Cardan Produkte: Schweizer Pr\u00e4zision aus Vaud. Antriebswellen, Gelenke, Zubeh\u00f6r \u2013 Auswahl, Beratung und schnelle Verf\u00fcgbarkeit.","robots":{"index":"index","follow":"follow","max-snippet":"max-snippet:-1","max-image-preview":"max-image-preview:large","max-video-preview":"max-video-preview:-1"},"canonical":"http:\/\/www.reno-cardan.ch\/de\/produits\/","og_locale":"de_DE","og_type":"article","og_title":"Produits - Reno-Cardan S\u00e0rl","og_description":"Reno-Cardan Produkte: Schweizer Pr\u00e4zision aus Vaud. Antriebswellen, Gelenke, Zubeh\u00f6r \u2013 Auswahl, Beratung und schnelle Verf\u00fcgbarkeit.","og_url":"http:\/\/www.reno-cardan.ch\/de\/produits\/","og_site_name":"Reno-Cardan S\u00e0rl","article_modified_time":"2026-02-03T16:05:36+00:00","twitter_card":"summary_large_image","twitter_misc":{"Gesch\u00e4tzte Lesezeit":"1 minute"},"schema":{"@context":"https:\/\/schema.org","@graph":[{"@type":"WebPage","@id":"http:\/\/www.reno-cardan.ch\/de\/produits\/","url":"http:\/\/www.reno-cardan.ch\/de\/produits\/","name":"Produits - Reno-Cardan S\u00e0rl","isPartOf":{"@id":"http:\/\/equilibrage-industriel.ch\/#website"},"datePublished":"2016-07-15T10:32:20+00:00","dateModified":"2026-02-03T16:05:36+00:00","description":"Reno-Cardan Produkte: Schweizer Pr\u00e4zision aus Vaud. Antriebswellen, Gelenke, Zubeh\u00f6r \u2013 Auswahl, Beratung und schnelle Verf\u00fcgbarkeit.","breadcrumb":{"@id":"http:\/\/www.reno-cardan.ch\/de\/produits\/#breadcrumb"},"inLanguage":"de-DE","potentialAction":[{"@type":"ReadAction","target":["http:\/\/www.reno-cardan.ch\/de\/produits\/"]}]},{"@type":"BreadcrumbList","@id":"http:\/\/www.reno-cardan.ch\/de\/produits\/#breadcrumb","itemListElement":[{"@type":"ListItem","position":1,"name":"Accueil","item":"https:\/\/reno-cardan.ch\/de\/"},{"@type":"ListItem","position":2,"name":"Produits"}]},{"@type":"WebSite","@id":"http:\/\/equilibrage-industriel.ch\/#website","url":"http:\/\/equilibrage-industriel.ch\/","name":"Reno-Cardan S\u00e0rl","description":"","potentialAction":[{"@type":"SearchAction","target":{"@type":"EntryPoint","urlTemplate":"http:\/\/equilibrage-industriel.ch\/?s={search_term_string}"},"query-input":{"@type":"PropertyValueSpecification","valueRequired":true,"valueName":"search_term_string"}}],"inLanguage":"de-DE"}]}},"_links":{"self":[{"href":"http:\/\/www.reno-cardan.ch\/de\/wp-json\/wp\/v2\/pages\/281","targetHints":{"allow":["GET"]}}],"collection":[{"href":"http:\/\/www.reno-cardan.ch\/de\/wp-json\/wp\/v2\/pages"}],"about":[{"href":"http:\/\/www.reno-cardan.ch\/de\/wp-json\/wp\/v2\/types\/page"}],"author":[{"embeddable":true,"href":"http:\/\/www.reno-cardan.ch\/de\/wp-json\/wp\/v2\/users\/1"}],"replies":[{"embeddable":true,"href":"http:\/\/www.reno-cardan.ch\/de\/wp-json\/wp\/v2\/comments?post=281"}],"version-history":[{"count":2,"href":"http:\/\/www.reno-cardan.ch\/de\/wp-json\/wp\/v2\/pages\/281\/revisions"}],"predecessor-version":[{"id":2389,"href":"http:\/\/www.reno-cardan.ch\/de\/wp-json\/wp\/v2\/pages\/281\/revisions\/2389"}],"wp:attachment":[{"href":"http:\/\/www.reno-cardan.ch\/de\/wp-json\/wp\/v2\/media?parent=281"}],"curies":[{"name":"wp","href":"https:\/\/api.w.org\/{rel}","templated":true}]}}